{"id":5353,"date":"2020-12-18T12:11:05","date_gmt":"2020-12-18T12:11:05","guid":{"rendered":"https:\/\/loja.wolfcare.com\/?post_type=product&#038;p=5353"},"modified":"2021-05-16T17:49:58","modified_gmt":"2021-05-16T17:49:58","slug":"tina-para-parafina-16l","status":"publish","type":"product","link":"https:\/\/www.wolfcare.com\/Catalogo\/?product=tina-para-parafina-16l","title":{"rendered":"TINA PARA PARAFINA 16L"},"content":{"rendered":"<p>\u21db Tina para banho de parafina em Inox.<br \/>\n\u21db Resist\u00eancia el\u00e9ctrica difus\u00e3o de calor de aquecimento indirecto.<br \/>\n\u21db Termostato \/ term\u00f3metro digital ajust\u00e1vel.<br \/>\n\u21db Indicador piloto funcionamento do termostato.<br \/>\n\u21db Interruptor de alimenta\u00e7\u00e3o com luz piloto.<br \/>\n\u21db Dimens\u00f5es externas: 35x22x26 elevados. Capacidade de 16 litros<\/p>\n","protected":false},"excerpt":{"rendered":"<p>PRE\u00c7O SOB CONSULTA<\/p>\n","protected":false},"featured_media":5344,"template":"","meta":[],"product_brand":[],"product_cat":[125],"product_tag":[],"class_list":{"0":"post-5353","1":"product","2":"type-product","3":"status-publish","4":"has-post-thumbnail","6":"product_cat-parafina-e-parafango","8":"first","9":"instock","10":"taxable","11":"shipping-taxable","12":"product-type-simple"},"_links":{"self":[{"href":"https:\/\/www.wolfcare.com\/Catalogo\/index.php?rest_route=\/wp\/v2\/product\/5353","targetHints":{"allow":["GET"]}}],"collection":[{"href":"https:\/\/www.wolfcare.com\/Catalogo\/index.php?rest_route=\/wp\/v2\/product"}],"about":[{"href":"https:\/\/www.wolfcare.com\/Catalogo\/index.php?rest_route=\/wp\/v2\/types\/product"}],"version-history":[{"count":1,"href":"https:\/\/www.wolfcare.com\/Catalogo\/index.php?rest_route=\/wp\/v2\/product\/5353\/revisions"}],"predecessor-version":[{"id":10113,"href":"https:\/\/www.wolfcare.com\/Catalogo\/index.php?rest_route=\/wp\/v2\/product\/5353\/revisions\/10113"}],"wp:featuredmedia":[{"embeddable":true,"href":"https:\/\/www.wolfcare.com\/Catalogo\/index.php?rest_route=\/wp\/v2\/media\/5344"}],"wp:attachment":[{"href":"https:\/\/www.wolfcare.com\/Catalogo\/index.php?rest_route=%2Fwp%2Fv2%2Fmedia&parent=5353"}],"wp:term":[{"taxonomy":"product_brand","embeddable":true,"href":"https:\/\/www.wolfcare.com\/Catalogo\/index.php?rest_route=%2Fwp%2Fv2%2Fproduct_brand&post=5353"},{"taxonomy":"product_cat","embeddable":true,"href":"https:\/\/www.wolfcare.com\/Catalogo\/index.php?rest_route=%2Fwp%2Fv2%2Fproduct_cat&post=5353"},{"taxonomy":"product_tag","embeddable":true,"href":"https:\/\/www.wolfcare.com\/Catalogo\/index.php?rest_route=%2Fwp%2Fv2%2Fproduct_tag&post=5353"}],"curies":[{"name":"wp","href":"https:\/\/api.w.org\/{rel}","templated":true}]}}