{"id":5342,"date":"2020-12-18T11:29:12","date_gmt":"2020-12-18T11:29:12","guid":{"rendered":"https:\/\/loja.wolfcare.com\/?post_type=product&#038;p=5342"},"modified":"2021-05-16T17:49:55","modified_gmt":"2021-05-16T17:49:55","slug":"tina-para-parafango-14l","status":"publish","type":"product","link":"https:\/\/www.wolfcare.com\/Catalogo\/?product=tina-para-parafango-14l","title":{"rendered":"TINA PARA PARAFANGO 14L"},"content":{"rendered":"<p>Este aquecedor funde e mant\u00e9m o parafango por control termost\u00e1tico de temperatura regul\u00e1vel de 40 a 120 graus C.<br \/>\nO aquecedor \u00e9 constru\u00eddo totalmente em alum\u00ednio em duas pe\u00e7as de forma dupla , o interior foi banhado com inalter\u00e1vel tefl\u00f3n e o exterior actua com isolamento t\u00e9rmico. Aquecimento indirecto por resist\u00eancia el\u00e9ctrica com difus\u00e3o de calor em todo o interior do recipiente que facilita a fun\u00e7\u00e3o r\u00e1pida do parafango. O aquecedor est\u00e1 equipado com tampa e asas protectores do calor.<br \/>\nCapacidade para 14 litros, voltagem de 220V 50-60 Hz, consumo de 800W.<br \/>\nInterruptor de sinal luminoso, ponteiro indicador do funcionamento do term\u00f3stato, seleccionador de temperatura de 40\u00ba a 120\u00ba C, desconectador de protec\u00e7\u00e3o t\u00e9cnica, fus\u00edveis.<br \/>\nDimens\u00f5es: 35 cm \u00f8 x 35 cm alto.<br \/>\nAcess\u00f3rios que acompanham a tina:<br \/>\n\u21db Esp\u00e1tula de madeira, concha, cubeta de pl\u00e1stico, rolo de pl\u00e1stico para aplica\u00e7\u00e3o de parafango.<\/p>\n","protected":false},"excerpt":{"rendered":"<p>PRE\u00c7O SOB CONSULTA<\/p>\n","protected":false},"featured_media":5346,"template":"","meta":[],"product_brand":[],"product_cat":[125],"product_tag":[],"class_list":{"0":"post-5342","1":"product","2":"type-product","3":"status-publish","4":"has-post-thumbnail","6":"product_cat-parafina-e-parafango","8":"first","9":"onbackorder","10":"taxable","11":"shipping-taxable","12":"product-type-simple"},"_links":{"self":[{"href":"https:\/\/www.wolfcare.com\/Catalogo\/index.php?rest_route=\/wp\/v2\/product\/5342","targetHints":{"allow":["GET"]}}],"collection":[{"href":"https:\/\/www.wolfcare.com\/Catalogo\/index.php?rest_route=\/wp\/v2\/product"}],"about":[{"href":"https:\/\/www.wolfcare.com\/Catalogo\/index.php?rest_route=\/wp\/v2\/types\/product"}],"version-history":[{"count":1,"href":"https:\/\/www.wolfcare.com\/Catalogo\/index.php?rest_route=\/wp\/v2\/product\/5342\/revisions"}],"predecessor-version":[{"id":10117,"href":"https:\/\/www.wolfcare.com\/Catalogo\/index.php?rest_route=\/wp\/v2\/product\/5342\/revisions\/10117"}],"wp:featuredmedia":[{"embeddable":true,"href":"https:\/\/www.wolfcare.com\/Catalogo\/index.php?rest_route=\/wp\/v2\/media\/5346"}],"wp:attachment":[{"href":"https:\/\/www.wolfcare.com\/Catalogo\/index.php?rest_route=%2Fwp%2Fv2%2Fmedia&parent=5342"}],"wp:term":[{"taxonomy":"product_brand","embeddable":true,"href":"https:\/\/www.wolfcare.com\/Catalogo\/index.php?rest_route=%2Fwp%2Fv2%2Fproduct_brand&post=5342"},{"taxonomy":"product_cat","embeddable":true,"href":"https:\/\/www.wolfcare.com\/Catalogo\/index.php?rest_route=%2Fwp%2Fv2%2Fproduct_cat&post=5342"},{"taxonomy":"product_tag","embeddable":true,"href":"https:\/\/www.wolfcare.com\/Catalogo\/index.php?rest_route=%2Fwp%2Fv2%2Fproduct_tag&post=5342"}],"curies":[{"name":"wp","href":"https:\/\/api.w.org\/{rel}","templated":true}]}}