{"id":5341,"date":"2020-12-18T11:24:47","date_gmt":"2020-12-18T11:24:47","guid":{"rendered":"https:\/\/loja.wolfcare.com\/?post_type=product&#038;p=5341"},"modified":"2021-05-16T17:49:54","modified_gmt":"2021-05-16T17:49:54","slug":"parawolf-parafina-solida-em-barras","status":"publish","type":"product","link":"https:\/\/www.wolfcare.com\/Catalogo\/?product=parawolf-parafina-solida-em-barras","title":{"rendered":"PARAWOLF \u2013 Parafina S\u00f3lida em barras"},"content":{"rendered":"<p>Caracter\u00edsticas: Parafina de qualidade medicinal e de baixo ponto de fus\u00e3o indicada para tratamentos de reabilita\u00e7\u00e3o e beleza mediante banhos de parafina.<br \/>\nPonto de Fus\u00e3o: 46\/48\u00baC.<br \/>\nPenetra\u00e7\u00e3o: 77F 15mg\/g<br \/>\nTeor de \u00f3leo: 0,50%<br \/>\nCor: Saybolt &gt;+28<br \/>\nContra indica\u00e7\u00f5es: Erup\u00e7\u00f5es cut\u00e2neas, altera\u00e7\u00f5es da sensibilidade t\u00e1ctil<\/p>\n","protected":false},"excerpt":{"rendered":"<p>Caracter\u00edsticas: Parafina de qualidade medicinal e de baixo ponto de fus\u00e3o indicada para tratamentos de reabilita\u00e7\u00e3o e beleza mediante banhos de parafina. Ponto de Fus\u00e3o: 46\/48\u00baC. Penetra\u00e7\u00e3o: 77F 15mg\/g Teor de \u00f3leo: 0,50% Cor: Saybolt &gt;+28 Contra indica\u00e7\u00f5es: Erup\u00e7\u00f5es cut\u00e2neas, altera\u00e7\u00f5es da sensibilidade t\u00e1ctil<\/p>\n","protected":false},"featured_media":5338,"template":"","meta":[],"product_brand":[],"product_cat":[125],"product_tag":[],"class_list":{"0":"post-5341","1":"product","2":"type-product","3":"status-publish","4":"has-post-thumbnail","6":"product_cat-parafina-e-parafango","8":"first","9":"instock","10":"taxable","11":"shipping-taxable","12":"product-type-grouped"},"_links":{"self":[{"href":"https:\/\/www.wolfcare.com\/Catalogo\/index.php?rest_route=\/wp\/v2\/product\/5341","targetHints":{"allow":["GET"]}}],"collection":[{"href":"https:\/\/www.wolfcare.com\/Catalogo\/index.php?rest_route=\/wp\/v2\/product"}],"about":[{"href":"https:\/\/www.wolfcare.com\/Catalogo\/index.php?rest_route=\/wp\/v2\/types\/product"}],"version-history":[{"count":1,"href":"https:\/\/www.wolfcare.com\/Catalogo\/index.php?rest_route=\/wp\/v2\/product\/5341\/revisions"}],"predecessor-version":[{"id":10118,"href":"https:\/\/www.wolfcare.com\/Catalogo\/index.php?rest_route=\/wp\/v2\/product\/5341\/revisions\/10118"}],"wp:featuredmedia":[{"embeddable":true,"href":"https:\/\/www.wolfcare.com\/Catalogo\/index.php?rest_route=\/wp\/v2\/media\/5338"}],"wp:attachment":[{"href":"https:\/\/www.wolfcare.com\/Catalogo\/index.php?rest_route=%2Fwp%2Fv2%2Fmedia&parent=5341"}],"wp:term":[{"taxonomy":"product_brand","embeddable":true,"href":"https:\/\/www.wolfcare.com\/Catalogo\/index.php?rest_route=%2Fwp%2Fv2%2Fproduct_brand&post=5341"},{"taxonomy":"product_cat","embeddable":true,"href":"https:\/\/www.wolfcare.com\/Catalogo\/index.php?rest_route=%2Fwp%2Fv2%2Fproduct_cat&post=5341"},{"taxonomy":"product_tag","embeddable":true,"href":"https:\/\/www.wolfcare.com\/Catalogo\/index.php?rest_route=%2Fwp%2Fv2%2Fproduct_tag&post=5341"}],"curies":[{"name":"wp","href":"https:\/\/api.w.org\/{rel}","templated":true}]}}