{"id":5335,"date":"2020-12-18T11:19:28","date_gmt":"2020-12-18T11:19:28","guid":{"rendered":"https:\/\/loja.wolfcare.com\/?post_type=product&#038;p=5335"},"modified":"2021-05-16T17:49:53","modified_gmt":"2021-05-16T17:49:53","slug":"parafango-therm-fango","status":"publish","type":"product","link":"https:\/\/www.wolfcare.com\/Catalogo\/?product=parafango-therm-fango","title":{"rendered":"PARAFANGO THERM FANGO"},"content":{"rendered":"","protected":false},"excerpt":{"rendered":"<p>Parafango Therm Fango \u00e9 particularmente el\u00e1stica, extremamente f\u00e1cil de modelar e tolerante aos diferentes m\u00e9todos de trabalho. A alta densidade de calor e a alta capacidade de reten\u00e7\u00e3o de calor proporcionam uma termoterapia confort\u00e1vel e altamente profisional.<br \/>\n&#8211; Embalagens de 10kgs<\/p>\n","protected":false},"featured_media":5336,"template":"","meta":[],"product_brand":[],"product_cat":[125],"product_tag":[],"class_list":{"0":"post-5335","1":"product","2":"type-product","3":"status-publish","4":"has-post-thumbnail","6":"product_cat-parafina-e-parafango","8":"first","9":"instock","10":"taxable","11":"shipping-taxable","12":"product-type-simple"},"_links":{"self":[{"href":"https:\/\/www.wolfcare.com\/Catalogo\/index.php?rest_route=\/wp\/v2\/product\/5335","targetHints":{"allow":["GET"]}}],"collection":[{"href":"https:\/\/www.wolfcare.com\/Catalogo\/index.php?rest_route=\/wp\/v2\/product"}],"about":[{"href":"https:\/\/www.wolfcare.com\/Catalogo\/index.php?rest_route=\/wp\/v2\/types\/product"}],"version-history":[{"count":1,"href":"https:\/\/www.wolfcare.com\/Catalogo\/index.php?rest_route=\/wp\/v2\/product\/5335\/revisions"}],"predecessor-version":[{"id":10121,"href":"https:\/\/www.wolfcare.com\/Catalogo\/index.php?rest_route=\/wp\/v2\/product\/5335\/revisions\/10121"}],"wp:featuredmedia":[{"embeddable":true,"href":"https:\/\/www.wolfcare.com\/Catalogo\/index.php?rest_route=\/wp\/v2\/media\/5336"}],"wp:attachment":[{"href":"https:\/\/www.wolfcare.com\/Catalogo\/index.php?rest_route=%2Fwp%2Fv2%2Fmedia&parent=5335"}],"wp:term":[{"taxonomy":"product_brand","embeddable":true,"href":"https:\/\/www.wolfcare.com\/Catalogo\/index.php?rest_route=%2Fwp%2Fv2%2Fproduct_brand&post=5335"},{"taxonomy":"product_cat","embeddable":true,"href":"https:\/\/www.wolfcare.com\/Catalogo\/index.php?rest_route=%2Fwp%2Fv2%2Fproduct_cat&post=5335"},{"taxonomy":"product_tag","embeddable":true,"href":"https:\/\/www.wolfcare.com\/Catalogo\/index.php?rest_route=%2Fwp%2Fv2%2Fproduct_tag&post=5335"}],"curies":[{"name":"wp","href":"https:\/\/api.w.org\/{rel}","templated":true}]}}