{"id":4141,"date":"2020-11-15T21:51:19","date_gmt":"2020-11-15T21:51:19","guid":{"rendered":"https:\/\/loja.wolfcare.com\/index.php\/produto\/import-placeholder-for-9629\/"},"modified":"2021-05-16T17:45:41","modified_gmt":"2021-05-16T17:45:41","slug":"epicare-plus-banda-de-tensao-para-epicondilite","status":"publish","type":"product","link":"https:\/\/www.wolfcare.com\/Catalogo\/?product=epicare-plus-banda-de-tensao-para-epicondilite","title":{"rendered":"EPICARE PLUS Banda de tens\u00e3o para Epicondilite"},"content":{"rendered":"<p><strong>Indica\u00e7\u00f5es:<\/strong> Preven\u00e7\u00e3o de les\u00f5es desportivas e laborais, Epicondilite radial, Epicondilite cubital.<\/p>\n<p><strong>Efeitos:<\/strong> Termocompress\u00e3o, al\u00edvio e protec\u00e7\u00e3o. Ajuda a manter a posi\u00e7\u00e3o correcta da articula\u00e7\u00e3o, suporta os tecidos moles em redor do cotovelo.<\/p>\n","protected":false},"excerpt":{"rendered":"<p>Banda de tens\u00e3o para Epicondilite<\/p>\n<p>F\u00e1cil de colocar com design eficaz, press\u00e3o ajust\u00e1vel por sistema de velcro e almofadas duplas f\u00e1ceis de remover.<\/p>\n","protected":false},"featured_media":5029,"template":"","meta":[],"product_brand":[],"product_cat":[62,61],"product_tag":[],"class_list":{"0":"post-4141","1":"product","2":"type-product","3":"status-publish","4":"has-post-thumbnail","6":"product_cat-cotovelo-e-braco","7":"product_cat-ombro","9":"first","10":"instock","11":"taxable","12":"shipping-taxable","13":"product-type-simple"},"_links":{"self":[{"href":"https:\/\/www.wolfcare.com\/Catalogo\/index.php?rest_route=\/wp\/v2\/product\/4141","targetHints":{"allow":["GET"]}}],"collection":[{"href":"https:\/\/www.wolfcare.com\/Catalogo\/index.php?rest_route=\/wp\/v2\/product"}],"about":[{"href":"https:\/\/www.wolfcare.com\/Catalogo\/index.php?rest_route=\/wp\/v2\/types\/product"}],"version-history":[{"count":1,"href":"https:\/\/www.wolfcare.com\/Catalogo\/index.php?rest_route=\/wp\/v2\/product\/4141\/revisions"}],"predecessor-version":[{"id":10433,"href":"https:\/\/www.wolfcare.com\/Catalogo\/index.php?rest_route=\/wp\/v2\/product\/4141\/revisions\/10433"}],"wp:featuredmedia":[{"embeddable":true,"href":"https:\/\/www.wolfcare.com\/Catalogo\/index.php?rest_route=\/wp\/v2\/media\/5029"}],"wp:attachment":[{"href":"https:\/\/www.wolfcare.com\/Catalogo\/index.php?rest_route=%2Fwp%2Fv2%2Fmedia&parent=4141"}],"wp:term":[{"taxonomy":"product_brand","embeddable":true,"href":"https:\/\/www.wolfcare.com\/Catalogo\/index.php?rest_route=%2Fwp%2Fv2%2Fproduct_brand&post=4141"},{"taxonomy":"product_cat","embeddable":true,"href":"https:\/\/www.wolfcare.com\/Catalogo\/index.php?rest_route=%2Fwp%2Fv2%2Fproduct_cat&post=4141"},{"taxonomy":"product_tag","embeddable":true,"href":"https:\/\/www.wolfcare.com\/Catalogo\/index.php?rest_route=%2Fwp%2Fv2%2Fproduct_tag&post=4141"}],"curies":[{"name":"wp","href":"https:\/\/api.w.org\/{rel}","templated":true}]}}